{"id":2,"date":"2016-05-10T03:48:21","date_gmt":"2016-05-10T03:48:21","guid":{"rendered":"http:\/\/grolewski.de\/?page_id=2"},"modified":"2024-01-10T13:56:47","modified_gmt":"2024-01-10T13:56:47","slug":"sample-page","status":"publish","type":"page","link":"https:\/\/grolewski.de\/","title":{"rendered":"Kanzlei f\u00fcr Transport &#8211; Logistik &#8211; Versicherung"},"content":{"rendered":"<p>Grolewski Rechtsanw\u00e4lte bietet individuelle Beratung und Vertretung f\u00fcr die Bereiche Transport, Logistik und Versicherung.<\/p>\n<p>Mit ihrer Konzentration auf ausgew\u00e4hlte Branchen bietet die Kanzlei Unternehmen und Privatpersonen kompetente und engagierte Unterst\u00fctzung bei ihren wirtschaftsrechtlichen Angelegenheiten.<\/p>\n<p><span style=\"background-color: #ffffff;\">U<span style=\"display: inline !important; float: none; background-color: #ffffff; color: #333333; cursor: text; font-family: 'Libre Franklin','Helvetica Neue',helvetica,arial,sans-serif; font-size: 16px; font-style: normal; font-variant: normal; font-weight: 400; letter-spacing: normal; orphans: 2; text-align: left; text-decoration: none; text-indent: 0px; text-transform: none; -webkit-text-stroke-width: 0px; white-space: normal; word-spacing: 0px;\">nser Webauftritt wird derzeit \u00fcberarbeitet.<\/span><\/span><\/p>\n<p style=\"text-align: center;\">Grolewski Rechtsanw\u00e4lte<br \/>Fehwiesenstra\u00dfe 66<br \/>81673 M\u00fcnchen<br \/>Tel. 089\/69388743<br \/>Mail: <span style=\"color: #000000;\">kanzlei@grolewski.de<\/span><\/p>\n<p><strong>Impressum:<\/strong><\/p>\n<p><b>Verantwortlich f\u00fcr den Internetauftritt:<\/b><\/p>\n<p>Grolewski Rechtsanw\u00e4lte GbR<br \/>Fehwiesenstra\u00dfe 66, 81673 M\u00fcnchen<br \/>Telefon: 089\/69388743<br \/>Telefax: 089\/69388754<br \/>E-Mail: kanzlei(at)grolewski.de<\/p>\n<p><b>Vertretungsberechtigte: <\/b><\/p>\n<p>Rechtsanw\u00e4ltin Claudia Grolewski, Rechtsanwalt Rudolf Schlicht-Grolewski<\/p>\n<p><b>Zust\u00e4ndige Aufsichtsbeh\u00f6rde sowie zugeh\u00f6rige Kammer:<\/b><\/p>\n<p>Rechtsanwaltskammer f\u00fcr den Oberlandesgerichtsbezirk M\u00fcnchen<br \/>K\u00f6rperschaft des \u00f6ffentlichen Rechts<br \/>Tal 33, 80331 M\u00fcnchen<\/p>\n<p><b>Berufsbezeichnung<\/b>:<\/p>\n<p>Rechtsanw\u00e4ltin, Rechtsanwalt (verliehen in der Bundesrepublik Deutschland)<\/p>\n<p><b>Berufsrechtliche Regelungen:<\/b><\/p>\n<p>&#8211; Bundesrechtsanwaltsordnung<br \/>&#8211; Berufsordnung f\u00fcr Rechtsanw\u00e4lte<br \/>&#8211; Fachanwaltsordnung<br \/>&#8211; Rechtsanwaltsverg\u00fctungsgesetz<br \/>&#8211; Berufsregeln der Rechtsanw\u00e4lte der Europ\u00e4ischen Union<\/p>\n<p>Die vollst\u00e4ndigen berufsrechtlichen Regelungen finden Sie auf der Seite der <a href=\"http:\/\/www.brak.de\/fuer-anwaelte\/berufsrecht\/\">Bundesrechtsanwaltskammer<\/a>.<\/p>\n<p><b>Umsatzsteueridentifikationsnummer: <\/b><\/p>\n<p>DE815800871<\/p>\n<p><b>Angaben zur Pflichtversicherung:<\/b><\/p>\n<p>Die Berufshaftpflichtversicherung f\u00fcr die Kanzlei und die einzelnen Anw\u00e4lte besteht bei der Allianz Versicherungs-AG, 10900 Berlin. Der r\u00e4umliche Geltungsbereich des Versicherungsschutzes umfasst T\u00e4tigkeiten in den Mitgliedsl\u00e4ndern der Europ\u00e4ischen Union.<\/p>\n\n\n<p><\/p>\n\n\n\n<p><br><\/p>\n","protected":false},"excerpt":{"rendered":"<p>Grolewski Rechtsanw\u00e4lte bietet individuelle Beratung und Vertretung f\u00fcr die Bereiche Transport, Logistik und Versicherung. Mit ihrer Konzentration auf ausgew\u00e4hlte Branchen bietet die Kanzlei Unternehmen und Privatpersonen kompetente und engagierte Unterst\u00fctzung bei ihren wirtschaftsrechtlichen Angelegenheiten. Unser Webauftritt wird derzeit \u00fcberarbeitet. Grolewski Rechtsanw\u00e4lteFehwiesenstra\u00dfe 6681673 M\u00fcnchenTel. 089\/69388743Mail: kanzlei@grolewski.de Impressum: Verantwortlich f\u00fcr den Internetauftritt: Grolewski Rechtsanw\u00e4lte GbRFehwiesenstra\u00dfe 66, 81673 &hellip; <\/p>\n<p class=\"link-more\"><a href=\"https:\/\/grolewski.de\/\" class=\"more-link\"><span class=\"screen-reader-text\">\u201eKanzlei f\u00fcr Transport &#8211; Logistik &#8211; Versicherung\u201c<\/span> weiterlesen<\/a><\/p>\n","protected":false},"author":1,"featured_media":0,"parent":0,"menu_order":0,"comment_status":"closed","ping_status":"open","template":"","meta":{"footnotes":""},"_links":{"self":[{"href":"https:\/\/grolewski.de\/index.php?rest_route=\/wp\/v2\/pages\/2"}],"collection":[{"href":"https:\/\/grolewski.de\/index.php?rest_route=\/wp\/v2\/pages"}],"about":[{"href":"https:\/\/grolewski.de\/index.php?rest_route=\/wp\/v2\/types\/page"}],"author":[{"embeddable":true,"href":"https:\/\/grolewski.de\/index.php?rest_route=\/wp\/v2\/users\/1"}],"replies":[{"embeddable":true,"href":"https:\/\/grolewski.de\/index.php?rest_route=%2Fwp%2Fv2%2Fcomments&post=2"}],"version-history":[{"count":8,"href":"https:\/\/grolewski.de\/index.php?rest_route=\/wp\/v2\/pages\/2\/revisions"}],"predecessor-version":[{"id":22,"href":"https:\/\/grolewski.de\/index.php?rest_route=\/wp\/v2\/pages\/2\/revisions\/22"}],"wp:attachment":[{"href":"https:\/\/grolewski.de\/index.php?rest_route=%2Fwp%2Fv2%2Fmedia&parent=2"}],"curies":[{"name":"wp","href":"https:\/\/api.w.org\/{rel}","templated":true}]}}